{"id":1702,"date":"2023-12-10T21:39:58","date_gmt":"2023-12-10T21:39:58","guid":{"rendered":"https:\/\/mosquee-brignais.org\/%d8%a7%d8%aa%d8%b5%d9%84-%d8%a8%d9%86%d8%a7\/"},"modified":"2024-09-07T17:45:59","modified_gmt":"2024-09-07T17:45:59","slug":"%d8%a7%d8%aa%d8%b5%d9%84-%d8%a8%d9%86%d8%a7","status":"publish","type":"page","link":"https:\/\/mosquee-brignais.org\/ar\/%d8%a7%d8%aa%d8%b5%d9%84-%d8%a8%d9%86%d8%a7\/","title":{"rendered":"\u0627\u062a\u0635\u0644 \u0628\u0646\u0627"},"content":{"rendered":"<header style=\"font-size: 13px; font-weight: 400; white-space-collapse: collapse;\">\n<h1 style=\"display: var(--page-title-display);\">\u0627\u062a\u0635\u0644 \u0628\u0646\u0627<\/h1>\n<\/header>\n<p>\u0647\u0644 \u062a\u0631\u063a\u0628 \u0641\u064a \u0627\u0644\u0627\u062a\u0635\u0627\u0644 \u0628\u0646\u0627 \u0644\u0645\u0639\u0631\u0641\u0629 \u0627\u0644\u0645\u0632\u064a\u062f \u0639\u0646 \u0645\u0633\u062c\u062f \u0628\u0631\u064a\u0646\u064a\u064a\u0647 \u0623\u0648 \u0623\u0646\u0634\u0637\u062a\u0647 \u0623\u0648 \u0623\u0648\u0642\u0627\u062a \u0639\u0645\u0644\u0647 \u0623\u0648 \u0645\u0634\u0627\u0631\u064a\u0639\u0647\u061f<br \/>\n\u0644\u0627 \u062a\u062a\u0631\u062f\u062f \u0641\u064a \u0625\u0631\u0633\u0627\u0644 \u0631\u0633\u0627\u0644\u0629 \u0625\u0644\u064a\u0646\u0627 \u0628\u0627\u0633\u062a\u062e\u062f\u0627\u0645 \u0627\u0644\u0646\u0645\u0648\u0630\u062c \u0623\u062f\u0646\u0627\u0647 \u0623\u0648 \u0627\u0644\u0627\u062a\u0635\u0627\u0644 \u0628\u0646\u0627.<br \/>\n\u0633\u0646\u0639\u0627\u0648\u062f \u0627\u0644\u0627\u062a\u0635\u0627\u0644 \u0628\u0643 \u0641\u064a \u0623\u0642\u0631\u0628 \u0648\u0642\u062a \u0645\u0645\u0643\u0646.<br \/>\n\u0634\u0643\u0631\u0627\u064b \u0644\u0627\u0647\u062a\u0645\u0627\u0645\u0643 \u0648\u0646\u0631\u0627\u0643\u0645 \u0642\u0631\u064a\u0628\u0627\u064b!<\/p>\n<h5>\u0631\u0642\u0645 \u0627\u0644\u0647\u0627\u062a\u0641<\/h5>\n<p>1.800.458.55<\/p>\n<h5>\u0627\u0644\u0639\u0646\u0648\u0627\u0646:<\/h5>\n<p>contact@mosquee-brignais.org Mosqu\u00e9e de Brignais 1 Chemin des puits , 69530 BRIGNAIS<\/p>\n<div class=\"forminator-ui forminator-custom-form forminator-custom-form-1204 forminator-design--material  forminator_ajax\" data-forminator-render=\"0\" data-form=\"forminator-module-1204\" data-uid=\"69f35770ec696\"><br\/><\/div><form\n\t\t\t\tid=\"forminator-module-1204\"\n\t\t\t\tclass=\"forminator-ui forminator-custom-form forminator-custom-form-1204 forminator-design--material  forminator_ajax\"\n\t\t\t\tmethod=\"post\"\n\t\t\t\tdata-forminator-render=\"0\"\n\t\t\t\tdata-form-id=\"1204\"\n\t\t\t\t data-color-option=\"default\" data-design=\"material\" data-grid=\"open\" style=\"display: none;\"\n\t\t\t\tdata-uid=\"69f35770ec696\"\n\t\t\t><div role=\"alert\" aria-live=\"polite\" class=\"forminator-response-message forminator-error\" aria-hidden=\"true\"><\/div><div class=\"forminator-row\"><div id=\"name-1\" class=\"forminator-field-name forminator-col forminator-col-12 \"><div class=\"forminator-field\"><label for=\"forminator-field-name-1_69f35770ec696\" id=\"forminator-field-name-1_69f35770ec696-label\" class=\"forminator-label\">Pr\u00e9nom <span class=\"forminator-required\">*<\/span><\/label><input type=\"text\" name=\"name-1\" value=\"\" placeholder=\"Par exemple, John.\" id=\"forminator-field-name-1_69f35770ec696\" class=\"forminator-input forminator-name--field\" aria-required=\"true\" autocomplete=\"name\" \/><\/div><\/div><\/div><div class=\"forminator-row\"><div id=\"email-1\" class=\"forminator-field-email forminator-col forminator-col-12 \"><div class=\"forminator-field\"><label for=\"forminator-field-email-1_69f35770ec696\" id=\"forminator-field-email-1_69f35770ec696-label\" class=\"forminator-label\">Adresse \u00e9lectronique <span class=\"forminator-required\">*<\/span><\/label><input type=\"email\" name=\"email-1\" value=\"\" placeholder=\"Par exemple, john@doe.com\" id=\"forminator-field-email-1_69f35770ec696\" class=\"forminator-input forminator-email--field\" data-required=\"true\" aria-required=\"true\" autocomplete=\"email\" \/><\/div><\/div><\/div><div class=\"forminator-row\"><div id=\"phone-1\" class=\"forminator-field-phone forminator-col forminator-col-12 \"><div class=\"forminator-field\"><label for=\"forminator-field-phone-1_69f35770ec696\" id=\"forminator-field-phone-1_69f35770ec696-label\" class=\"forminator-label\">Num\u00e9ro de t\u00e9l\u00e9phone<\/label><input type=\"text\" name=\"phone-1\" value=\"\" placeholder=\"E.g. +1 3004005000\" id=\"forminator-field-phone-1_69f35770ec696\" class=\"forminator-input forminator-field--phone\" data-required=\"\" aria-required=\"false\" autocomplete=\"off\" \/><\/div><\/div><\/div><div class=\"forminator-row\"><div id=\"textarea-1\" class=\"forminator-field-textarea forminator-col forminator-col-12 \"><div class=\"forminator-field\"><label for=\"forminator-field-textarea-1_69f35770ec696\" id=\"forminator-field-textarea-1_69f35770ec696-label\" class=\"forminator-label\">Message<\/label><textarea name=\"textarea-1\" placeholder=\"Entrez votre message...\" id=\"forminator-field-textarea-1_69f35770ec696\" class=\"forminator-textarea\" rows=\"6\" style=\"--forminator-textarea-min-height:140px;\" maxlength=\"180\" ><\/textarea><span id=\"forminator-field-textarea-1_69f35770ec696-description\" class=\"forminator-description\"><span data-limit=\"180\" data-type=\"characters\" data-editor=\"\">0 \/ 180<\/span><\/span><\/div><\/div><\/div><div class=\"forminator-row\"><div id=\"captcha-1\" class=\"forminator-field-captcha forminator-col forminator-col-12 \"><div class=\"forminator-captcha-center forminator-g-recaptcha\" data-theme=\"light\"  data-sitekey=\"6LfgTwsTAAAAABqHhxleBCXWiMnUo6saQv7CgJWy\" data-size=\"normal\"><\/div> <\/div><\/div><input type=\"hidden\" name=\"referer_url\" value=\"\" \/><div class=\"forminator-row forminator-row-last\"><div class=\"forminator-col\"><div class=\"forminator-field\"><button class=\"forminator-button forminator-button-submit\"><span>Envoyer le message<\/span><span aria-hidden=\"true\"><\/span><\/button><\/div><\/div><\/div><input type=\"hidden\" id=\"forminator_nonce\" name=\"forminator_nonce\" value=\"57c05694d0\" \/><input type=\"hidden\" name=\"_wp_http_referer\" value=\"\/ar\/wp-json\/wp\/v2\/pages\/1702\" \/><input type=\"hidden\" name=\"form_id\" value=\"1204\"><input type=\"hidden\" name=\"page_id\" value=\"1702\"><input type=\"hidden\" name=\"form_type\" value=\"default\"><input type=\"hidden\" name=\"current_url\" value=\"https:\/\/mosquee-brignais.org\/ar\/%d8%a7%d8%aa%d8%b5%d9%84-%d8%a8%d9%86%d8%a7\/\"><input type=\"hidden\" name=\"render_id\" value=\"0\"><input type=\"hidden\" name=\"action\" value=\"forminator_submit_form_custom-forms\"><\/form>\n<figure><\/figure>\n<figure><img decoding=\"async\" src=\"http:\/\/mosquee-brignais.org\/wp-content\/uploads\/2023\/12\/logob-1024x197.png\" alt=\"\" \/><\/figure>\n<p><iframe title=\"Mosquee Brignais\" src=\"https:\/\/maps.google.com\/maps?q=Mosquee%20%20Brignais&amp;t=m&amp;z=13&amp;output=embed&amp;iwloc=near\" aria-label=\"Mosquee Brignais\"><\/iframe><\/p>\n","protected":false},"excerpt":{"rendered":"<p>\u0627\u062a\u0635\u0644 \u0628\u0646\u0627 \u0647\u0644 \u062a\u0631\u063a\u0628 \u0641\u064a \u0627\u0644\u0627\u062a\u0635\u0627\u0644 \u0628\u0646\u0627 \u0644\u0645\u0639\u0631\u0641\u0629 \u0627\u0644\u0645\u0632\u064a\u062f \u0639\u0646 \u0645\u0633\u062c\u062f \u0628\u0631\u064a\u0646\u064a\u064a\u0647 \u0623\u0648 \u0623\u0646\u0634\u0637\u062a\u0647 \u0623\u0648 \u0623\u0648\u0642\u0627\u062a \u0639\u0645\u0644\u0647 \u0623\u0648 \u0645\u0634\u0627\u0631\u064a\u0639\u0647\u061f \u0644\u0627 \u062a\u062a\u0631\u062f\u062f \u0641\u064a \u0625\u0631\u0633\u0627\u0644 \u0631\u0633\u0627\u0644\u0629 \u0625\u0644\u064a\u0646\u0627 \u0628\u0627\u0633\u062a\u062e\u062f\u0627\u0645 \u0627\u0644\u0646\u0645\u0648\u0630\u062c \u0623\u062f\u0646\u0627\u0647 \u0623\u0648 \u0627\u0644\u0627\u062a\u0635\u0627\u0644 \u0628\u0646\u0627. \u0633\u0646\u0639\u0627\u0648\u062f \u0627\u0644\u0627\u062a\u0635\u0627\u0644 \u0628\u0643 \u0641\u064a \u0623\u0642\u0631\u0628 \u0648\u0642\u062a \u0645\u0645\u0643\u0646. \u0634\u0643\u0631\u0627\u064b \u0644\u0627\u0647\u062a\u0645\u0627\u0645\u0643 \u0648\u0646\u0631\u0627\u0643\u0645 \u0642\u0631\u064a\u0628\u0627\u064b! \u0631\u0642\u0645 \u0627\u0644\u0647\u0627\u062a\u0641 1.800.458.55 \u0627\u0644\u0639\u0646\u0648\u0627\u0646: contact@mosquee-brignais.org Mosqu\u00e9e de Brignais 1 Chemin des puits , &hellip;<\/p>\n","protected":false},"author":1,"featured_media":0,"parent":0,"menu_order":0,"comment_status":"closed","ping_status":"closed","template":"","meta":{"footnotes":""},"class_list":["post-1702","page","type-page","status-publish","hentry"],"jetpack_sharing_enabled":true,"_links":{"self":[{"href":"https:\/\/mosquee-brignais.org\/ar\/wp-json\/wp\/v2\/pages\/1702","targetHints":{"allow":["GET"]}}],"collection":[{"href":"https:\/\/mosquee-brignais.org\/ar\/wp-json\/wp\/v2\/pages"}],"about":[{"href":"https:\/\/mosquee-brignais.org\/ar\/wp-json\/wp\/v2\/types\/page"}],"author":[{"embeddable":true,"href":"https:\/\/mosquee-brignais.org\/ar\/wp-json\/wp\/v2\/users\/1"}],"replies":[{"embeddable":true,"href":"https:\/\/mosquee-brignais.org\/ar\/wp-json\/wp\/v2\/comments?post=1702"}],"version-history":[{"count":8,"href":"https:\/\/mosquee-brignais.org\/ar\/wp-json\/wp\/v2\/pages\/1702\/revisions"}],"predecessor-version":[{"id":1760,"href":"https:\/\/mosquee-brignais.org\/ar\/wp-json\/wp\/v2\/pages\/1702\/revisions\/1760"}],"wp:attachment":[{"href":"https:\/\/mosquee-brignais.org\/ar\/wp-json\/wp\/v2\/media?parent=1702"}],"curies":[{"name":"wp","href":"https:\/\/api.w.org\/{rel}","templated":true}]}}