{"id":2058,"date":"2025-03-23T01:15:35","date_gmt":"2025-03-23T01:15:35","guid":{"rendered":"https:\/\/mosquee-brignais.org\/%d8%a7%d9%84%d8%a7%d8%ae%d8%aa%d8%a8%d8%a7%d8%b1\/"},"modified":"2025-03-23T02:48:59","modified_gmt":"2025-03-23T02:48:59","slug":"%d8%a7%d9%84%d8%a7%d8%ae%d8%aa%d8%a8%d8%a7%d8%b1","status":"publish","type":"page","link":"https:\/\/mosquee-brignais.org\/ar\/%d8%a7%d9%84%d8%a7%d8%ae%d8%aa%d8%a8%d8%a7%d8%b1\/","title":{"rendered":"\u0625\u0631\u0633\u0627\u0644 \u0645\u0642\u0627\u0644 \u270d\ufe0f"},"content":{"rendered":"<p style=\"text-align: center; font-size: 16px; line-height: 1.6; color: #444; font-family: inherit;\">\u0647\u0644 \u0644\u062f\u064a\u0643 \u0631\u0633\u0627\u0644\u0629 \u0623\u0648 \u0645\u0642\u0627\u0644\u0629 \u062a\u0648\u062f \u0645\u0634\u0627\u0631\u0643\u062a\u0647\u0627 \u0645\u0639 \u0627\u0644\u0645\u062c\u062a\u0645\u0639\u061f<br \/>\n<strong>\u0623\u0631\u0633\u0644\u0647\u0627 \u0647\u0646\u0627 \u0648\u0633\u064a\u062a\u0645 \u0646\u0634\u0631\u0647\u0627 \u0628\u0639\u062f \u0627\u0644\u062a\u062d\u0642\u0642 \u0645\u0646 \u0635\u062d\u062a\u0647\u0627.<\/strong><\/p>\n<p><form method=\"post\" class=\"fpsml-front-form fpsml-template-2 fpsml-alias-guest_post_form\" data-alias=\"guest_post_form\">\n    <h2 class=\"fpsml-form-title\">Formulaire de soumission d&#039;article<\/h2>\n    <input type=\"hidden\" name=\"form_alias\" value=\"guest_post_form\"\/>\n                            <div class=\"fpsml-field-wrap fpsml-post-title\" data-field-key=\"post_title\">\n                        <label>Titre de l&#039;article<\/label>\n                        <div class=\"fpsml-field\">\n                            <input type=\"text\" name=\"post_title\" value=\"\"\/>\n                                <div class=\"fpsml-field-note\">Indiquez clairement le sujet ou le th\u00e8me de votre article.<\/div>\n                                                        <\/div>\n                        <div class=\"fpsml-error\"><\/div>\n                    <\/div>\n                                        <div class=\"fpsml-field-wrap fpsml-author-email\" data-field-key=\"author_email\">\n                        <label>Adresse e-mail de l&#039;auteur<\/label>\n                        <div class=\"fpsml-field\">\n                            <input type=\"email\"  name=\"author_email\"\/>                                <div class=\"fpsml-field-note\">Veuillez indiquer votre adresse e-mail<\/div>\n                                                        <\/div>\n                        <div class=\"fpsml-error\"><\/div>\n                    <\/div>\n                                        <div class=\"fpsml-field-wrap fpsml-post-content\" data-field-key=\"post_content\">\n                        <label>Contenu de l&#039;article<\/label>\n                        <div class=\"fpsml-field\">\n                            <div id=\"wp-fpsml_guest_post_form-wrap\" class=\"wp-core-ui wp-editor-wrap tmce-active\"><link rel='stylesheet' id='dashicons-css' href='https:\/\/mosquee-brignais.org\/wp-includes\/css\/dashicons.min.css?ver=6.8.1' type='text\/css' media='all' \/>\n<link rel='stylesheet' id='editor-buttons-rtl-css' href='https:\/\/mosquee-brignais.org\/wp-includes\/css\/editor-rtl.min.css?ver=6.8.1' type='text\/css' media='all' \/>\n<div id=\"wp-fpsml_guest_post_form-editor-container\" class=\"wp-editor-container\"><textarea class=\"fpsml-post-content-editor wp-editor-area\" style=\"height: 400px\" autocomplete=\"off\" cols=\"40\" name=\"post_content\" id=\"fpsml_guest_post_form\"><\/textarea><\/div>\n<\/div>\n\n                                <div class=\"fpsml-field-note\">\u00a0R\u00e9digez clairement votre article. Vous pouvez y inclure du texte, des citations ou des r\u00e9f\u00e9rences utiles \u00e0 la communaut\u00e9<\/div>\n                                                        <\/div>\n                        <div class=\"fpsml-error\"><\/div>\n                    <\/div>\n                                        <div class=\"fpsml-field-wrap fpsml-post-image\" data-field-key=\"post_image\">\n                        <label><\/label>\n                        <div class=\"fpsml-field\">\n                            <div class=\"fpsml-file-uploader\"\n     id=\"fpms-file-uploader-ixsX8XY\"\n     data-extensions=\"jpg|jpeg|png|gif|bmp|JPG|JPEG|PNG|BMP\"\n     data-extensions-error-message=\"Le fichier {file} poss\u00e8de une extension non valide. Seules les extensions suivantes sont autoris\u00e9es : {extensions}\"\n     data-file-size-limit=\"5\"\n     data-upload-filesize-error-message=\"La taille du fichier d\u00e9passe la limite autoris\u00e9e. Veuillez choisir une image de taille inf\u00e9rieure\"\n     data-label=\"Ajouter une image\"\n     data-field-name=\"post_image\"\n     >\n<\/div>\n<input type=\"hidden\" class=\"fpsml-upload-count\" value=\"0\"\/>\n<input type=\"hidden\" name=\"post_image\" class=\"fpsml-media-id\" value=\"\"\/>\n<div class=\"fpsml-file-preview-wrap\">\n    <\/div>                        <\/div>\n                        <div class=\"fpsml-error\"><\/div>\n                    <\/div>\n                                        <div class=\"fpsml-field-wrap fpsml-taxonomy-select fpsml-category\" data-field-key=\"_taxonomy|category\">\n                        <label>Cat\u00e9gories<\/label>\n                        <div class=\"fpsml-field\">\n                            <div class=\"fpsml-select-field \">\n    <select name=\"_taxonomy|category\" >\n        <option value=\"\">Choose \u062a\u0635\u0646\u064a\u0641\u0627\u062a<\/option>\n        <option value=\"33\">\u0627\u0644\u0623\u062e\u0628\u0627\u0631 \u0648\u0627\u0644\u0641\u0639\u0627\u0644\u064a\u0627\u062a<\/option><option value=\"49\">&nbsp;&nbsp;&nbsp;&nbsp;\u0623\u062e\u0628\u0627\u0631 \u0645\u0646 \u0627\u0644\u0645\u0633\u062c\u062f<\/option><option value=\"46\">&nbsp;&nbsp;&nbsp;&nbsp;\u0627\u062d\u062a\u0641\u0627\u0644\u0627\u062a \u0627\u0644\u0623\u0639\u064a\u0627\u062f<\/option><option value=\"51\">&nbsp;&nbsp;&nbsp;&nbsp;\u0627\u0644\u0641\u0639\u0627\u0644\u064a\u0627\u062a<\/option><option value=\"48\">&nbsp;&nbsp;&nbsp;&nbsp;\u0627\u0644\u0641\u0639\u0627\u0644\u064a\u0627\u062a \u0627\u0644\u0645\u062c\u062a\u0645\u0639\u064a\u0629<\/option><option value=\"50\">\u0627\u0644\u062a\u0631\u0628\u064a\u0629 \u0627\u0644\u0625\u0633\u0644\u0627\u0645\u064a\u0629<\/option><option value=\"47\">&nbsp;&nbsp;&nbsp;&nbsp;\u0627\u0644\u0625\u0633\u0644\u0627\u0645<\/option><option value=\"45\">&nbsp;&nbsp;&nbsp;&nbsp;\u062e\u0637\u0628 \u0627\u0644\u062c\u0645\u0639\u0629<\/option>    <\/select>\n<\/div>\n                                <div class=\"fpsml-field-note\">Choisissez une cat\u00e9gories correspondant au sujet de votre article.<\/div>\n                                                        <\/div>\n                        <div class=\"fpsml-error\"><\/div>\n                    <\/div>\n                    \n            <div class=\"fpsml-field-wrap fpsml-captcha-field\" data-field-key=\"captcha\">\n                <label>Je ne suis pas un robot<\/label>\n                <div class=\"fpsml-field\">\n                    <div data-field-key=\"security\">\n                        <script type=\"text\/javascript\" src=\"\/\/www.google.com\/recaptcha\/api.js\"><\/script>\n                        <div class=\"g-recaptcha\" data-sitekey=\"6LfgTwsTAAAAABqHhxleBCXWiMnUo6saQv7CgJWy\"><\/div>\n                    <\/div>\n                <\/div>\n            <\/div>\n                <div class=\"fpsml-field-wrap fpsml-has-submit-btn\">\n        <div class=\"fpsml-field\">\n            <input type=\"submit\" value=\"Soumettre\"\/>\n            <img decoding=\"async\" src=\"https:\/\/mosquee-brignais.org\/wp-content\/plugins\/frontend-post-submission-manager-lite\/assets\/images\/ajax-loader-front.gif\" class=\"fpsml-ajax-loader\"\/>\n        <\/div>\n    <\/div>\n    <div class=\"fpsml-form-message fpsml-display-none\"><\/div>\n<\/form>\n\n<br \/>\n\u0634\u0643\u0631\u0627\u064b \u0644\u0643 \u0639\u0644\u0649 \u0645\u0633\u0627\u0647\u0645\u062a\u0643!<\/p>\n","protected":false},"excerpt":{"rendered":"<p>\u0647\u0644 \u0644\u062f\u064a\u0643 \u0631\u0633\u0627\u0644\u0629 \u0623\u0648 \u0645\u0642\u0627\u0644\u0629 \u062a\u0648\u062f \u0645\u0634\u0627\u0631\u0643\u062a\u0647\u0627 \u0645\u0639 \u0627\u0644\u0645\u062c\u062a\u0645\u0639\u061f \u0623\u0631\u0633\u0644\u0647\u0627 \u0647\u0646\u0627 \u0648\u0633\u064a\u062a\u0645 \u0646\u0634\u0631\u0647\u0627 \u0628\u0639\u062f \u0627\u0644\u062a\u062d\u0642\u0642 \u0645\u0646 \u0635\u062d\u062a\u0647\u0627. \u0634\u0643\u0631\u0627\u064b \u0644\u0643 \u0639\u0644\u0649 \u0645\u0633\u0627\u0647\u0645\u062a\u0643!<\/p>\n","protected":false},"author":1,"featured_media":0,"parent":0,"menu_order":0,"comment_status":"closed","ping_status":"closed","template":"","meta":{"footnotes":""},"class_list":["post-2058","page","type-page","status-publish","hentry"],"jetpack_sharing_enabled":true,"_links":{"self":[{"href":"https:\/\/mosquee-brignais.org\/ar\/wp-json\/wp\/v2\/pages\/2058","targetHints":{"allow":["GET"]}}],"collection":[{"href":"https:\/\/mosquee-brignais.org\/ar\/wp-json\/wp\/v2\/pages"}],"about":[{"href":"https:\/\/mosquee-brignais.org\/ar\/wp-json\/wp\/v2\/types\/page"}],"author":[{"embeddable":true,"href":"https:\/\/mosquee-brignais.org\/ar\/wp-json\/wp\/v2\/users\/1"}],"replies":[{"embeddable":true,"href":"https:\/\/mosquee-brignais.org\/ar\/wp-json\/wp\/v2\/comments?post=2058"}],"version-history":[{"count":6,"href":"https:\/\/mosquee-brignais.org\/ar\/wp-json\/wp\/v2\/pages\/2058\/revisions"}],"predecessor-version":[{"id":2083,"href":"https:\/\/mosquee-brignais.org\/ar\/wp-json\/wp\/v2\/pages\/2058\/revisions\/2083"}],"wp:attachment":[{"href":"https:\/\/mosquee-brignais.org\/ar\/wp-json\/wp\/v2\/media?parent=2058"}],"curies":[{"name":"wp","href":"https:\/\/api.w.org\/{rel}","templated":true}]}}